{"id":483,"date":"2026-04-15T16:35:18","date_gmt":"2026-04-15T20:35:18","guid":{"rendered":"https:\/\/innobahn.cl\/?page_id=483"},"modified":"2026-04-15T17:07:40","modified_gmt":"2026-04-15T21:07:40","slug":"blog","status":"publish","type":"page","link":"https:\/\/innobahn.cl\/en\/blog\/","title":{"rendered":"Blog"},"content":{"rendered":"<div data-elementor-type=\"wp-page\" data-elementor-id=\"483\" class=\"elementor elementor-483\" data-elementor-post-type=\"page\">\n\t\t\t\t<div class=\"elementor-element elementor-element-4ec2f92 e-flex e-con-boxed e-con e-parent\" data-id=\"4ec2f92\" data-element_type=\"container\" data-e-type=\"container\" data-settings=\"{&quot;background_background&quot;:&quot;classic&quot;}\">\n\t\t\t\t\t<div class=\"e-con-inner\">\n\t\t\t\t<div class=\"elementor-element elementor-element-a7a6805 elementor-widget elementor-widget-spacer\" data-id=\"a7a6805\" data-element_type=\"widget\" data-e-type=\"widget\" data-widget_type=\"spacer.default\">\n\t\t\t\t\t\t\t<div class=\"elementor-spacer\">\n\t\t\t<div class=\"elementor-spacer-inner\"><\/div>\n\t\t<\/div>\n\t\t\t\t\t\t<\/div>\n\t\t\t\t<div class=\"elementor-element elementor-element-3dc8b47 elementor-widget elementor-widget-heading\" data-id=\"3dc8b47\" data-element_type=\"widget\" data-e-type=\"widget\" data-widget_type=\"heading.default\">\n\t\t\t\t\t<h1 class=\"elementor-heading-title elementor-size-default\">Latest news and analysis from the sector \n<\/h1>\t\t\t\t<\/div>\n\t\t\t\t<div class=\"elementor-element elementor-element-088531b elementor-widget elementor-widget-heading\" data-id=\"088531b\" data-element_type=\"widget\" data-e-type=\"widget\" data-widget_type=\"heading.default\">\n\t\t\t\t\t<h2 class=\"elementor-heading-title elementor-size-default\">Current events, projects and strategic vision to understand the role of the railway in the development of transport, logistics and territory in Chile <\/h2>\t\t\t\t<\/div>\n\t\t\t\t\t<\/div>\n\t\t\t\t<\/div>\n\t\t<div class=\"elementor-element elementor-element-c23dcd1 e-flex e-con-boxed e-con e-parent\" data-id=\"c23dcd1\" data-element_type=\"container\" data-e-type=\"container\">\n\t\t\t\t\t<div class=\"e-con-inner\">\n\t\t<div class=\"elementor-element elementor-element-e1b2fd1 e-con-full e-flex e-con e-child\" data-id=\"e1b2fd1\" data-element_type=\"container\" data-e-type=\"container\">\n\t\t\t\t<div class=\"elementor-element elementor-element-d28364b elementor-grid-1 elementor-grid-tablet-2 elementor-grid-mobile-1 elementor-posts--thumbnail-top elementor-card-shadow-yes elementor-posts__hover-gradient elementor-widget elementor-widget-posts\" data-id=\"d28364b\" data-element_type=\"widget\" data-e-type=\"widget\" data-settings=\"{&quot;cards_columns&quot;:&quot;1&quot;,&quot;cards_columns_tablet&quot;:&quot;2&quot;,&quot;cards_columns_mobile&quot;:&quot;1&quot;,&quot;cards_row_gap&quot;:{&quot;unit&quot;:&quot;px&quot;,&quot;size&quot;:35,&quot;sizes&quot;:[]},&quot;cards_row_gap_widescreen&quot;:{&quot;unit&quot;:&quot;px&quot;,&quot;size&quot;:&quot;&quot;,&quot;sizes&quot;:[]},&quot;cards_row_gap_tablet&quot;:{&quot;unit&quot;:&quot;px&quot;,&quot;size&quot;:&quot;&quot;,&quot;sizes&quot;:[]},&quot;cards_row_gap_mobile&quot;:{&quot;unit&quot;:&quot;px&quot;,&quot;size&quot;:&quot;&quot;,&quot;sizes&quot;:[]}}\" data-widget_type=\"posts.cards\">\n\t\t\t\t<div class=\"elementor-widget-container\">\n\t\t\t\t\t\t\t<div class=\"elementor-posts-container elementor-posts elementor-posts--skin-cards elementor-grid\" role=\"list\">\n\t\t\t\t<article class=\"elementor-post elementor-grid-item post-502 post type-post status-publish format-standard has-post-thumbnail hentry category-empresas-del-grupo\" role=\"listitem\">\n\t\t\t<div class=\"elementor-post__card\">\n\t\t\t\t<a class=\"elementor-post__thumbnail__link\" href=\"https:\/\/innobahn.cl\/en\/ingenieria-y-desarrollo-de-soluciones-tecnicas-para-proyectos-complejos\/\" tabindex=\"-1\" ><div class=\"elementor-post__thumbnail\"><img fetchpriority=\"high\" decoding=\"async\" width=\"768\" height=\"423\" src=\"https:\/\/innobahn.cl\/wp-content\/uploads\/2026\/04\/FEA-Estructural-\u00b7-Molino-SAG-22-Ton-768x423.webp\" class=\"attachment-medium_large size-medium_large wp-image-535\" alt=\"\" srcset=\"https:\/\/innobahn.cl\/wp-content\/uploads\/2026\/04\/FEA-Estructural-\u00b7-Molino-SAG-22-Ton-768x423.webp 768w, https:\/\/innobahn.cl\/wp-content\/uploads\/2026\/04\/FEA-Estructural-\u00b7-Molino-SAG-22-Ton-300x165.webp 300w, https:\/\/innobahn.cl\/wp-content\/uploads\/2026\/04\/FEA-Estructural-\u00b7-Molino-SAG-22-Ton.webp 946w\" sizes=\"(max-width: 768px) 100vw, 768px\" \/><\/div><\/a>\n\t\t\t\t<div class=\"elementor-post__badge\">Group Companies<\/div>\n\t\t\t\t<div class=\"elementor-post__text\">\n\t\t\t\t<h3 class=\"elementor-post__title\">\n\t\t\t<a href=\"https:\/\/innobahn.cl\/en\/ingenieria-y-desarrollo-de-soluciones-tecnicas-para-proyectos-complejos\/\" >\n\t\t\t\tEngineering and development of technical solutions for complex projects\t\t\t<\/a>\n\t\t<\/h3>\n\t\t\t\t<div class=\"elementor-post__excerpt\">\n\t\t\t<p>\u00a0 Innomec \u00b7 Applied Engineering Innomec: engineering and development of technical solutions for complex projects In projects of high technical complexity, design is not enough.<\/p>\n\t\t<\/div>\n\t\t\n\t\t<a class=\"elementor-post__read-more\" href=\"https:\/\/innobahn.cl\/en\/ingenieria-y-desarrollo-de-soluciones-tecnicas-para-proyectos-complejos\/\" aria-label=\"Read more about Ingenier\u00eda y desarrollo de soluciones t\u00e9cnicas para proyectos complejos\" tabindex=\"-1\" >\n\t\t\tRead more \"\t\t<\/a>\n\n\t\t\t\t<\/div>\n\t\t\t\t<div class=\"elementor-post__meta-data\">\n\t\t\t\t\t<span class=\"elementor-post-date\">\n\t\t\tApril 15, 2026\t\t<\/span>\n\t\t\t\t<span class=\"elementor-post-avatar\">\n\t\t\tNo Comments\t\t<\/span>\n\t\t\t\t<\/div>\n\t\t\t\t\t<\/div>\n\t\t<\/article>\n\t\t\t\t<article class=\"elementor-post elementor-grid-item post-487 post type-post status-publish format-standard has-post-thumbnail hentry category-consultoria-ferroviaria\" role=\"listitem\">\n\t\t\t<div class=\"elementor-post__card\">\n\t\t\t\t<a class=\"elementor-post__thumbnail__link\" href=\"https:\/\/innobahn.cl\/en\/diseno-simulacion-ferroviaria-capacidad-costos-operacion\/\" tabindex=\"-1\" ><div class=\"elementor-post__thumbnail\"><img decoding=\"async\" width=\"768\" height=\"479\" src=\"https:\/\/innobahn.cl\/wp-content\/uploads\/2026\/04\/inb01-768x479.webp\" class=\"attachment-medium_large size-medium_large wp-image-536\" alt=\"\" srcset=\"https:\/\/innobahn.cl\/wp-content\/uploads\/2026\/04\/inb01-768x479.webp 768w, https:\/\/innobahn.cl\/wp-content\/uploads\/2026\/04\/inb01-300x187.webp 300w, https:\/\/innobahn.cl\/wp-content\/uploads\/2026\/04\/inb01.webp 1024w\" sizes=\"(max-width: 768px) 100vw, 768px\" \/><\/div><\/a>\n\t\t\t\t<div class=\"elementor-post__badge\">Railway Consulting<\/div>\n\t\t\t\t<div class=\"elementor-post__text\">\n\t\t\t\t<h3 class=\"elementor-post__title\">\n\t\t\t<a href=\"https:\/\/innobahn.cl\/en\/diseno-simulacion-ferroviaria-capacidad-costos-operacion\/\" >\n\t\t\t\tRailway design and simulation: keys to improving capacity, costs and operation\t\t\t<\/a>\n\t\t<\/h3>\n\t\t\t\t<div class=\"elementor-post__excerpt\">\n\t\t\t<p>\u00a0 Railway Design and Simulation Railway design and simulation: keys to improving capacity, costs and operation Designing a railway solution without operational validation is equivalent to<\/p>\n\t\t<\/div>\n\t\t\n\t\t<a class=\"elementor-post__read-more\" href=\"https:\/\/innobahn.cl\/en\/diseno-simulacion-ferroviaria-capacidad-costos-operacion\/\" aria-label=\"Read more about Dise\u00f1o y simulaci\u00f3n ferroviaria: claves para mejorar capacidad, costos y operaci\u00f3n\" tabindex=\"-1\" >\n\t\t\tRead more \"\t\t<\/a>\n\n\t\t\t\t<\/div>\n\t\t\t\t<div class=\"elementor-post__meta-data\">\n\t\t\t\t\t<span class=\"elementor-post-date\">\n\t\t\tApril 15, 2026\t\t<\/span>\n\t\t\t\t<span class=\"elementor-post-avatar\">\n\t\t\tNo Comments\t\t<\/span>\n\t\t\t\t<\/div>\n\t\t\t\t\t<\/div>\n\t\t<\/article>\n\t\t\t\t<article class=\"elementor-post elementor-grid-item post-426 post type-post status-publish format-standard has-post-thumbnail hentry category-diseno-y-simulacion-ferroviaria tag-consultoria-ferroviaria tag-diseno-ferroviario tag-proyectos-ferroviarios tag-simulacion-ferroviaria\" role=\"listitem\">\n\t\t\t<div class=\"elementor-post__card\">\n\t\t\t\t<a class=\"elementor-post__thumbnail__link\" href=\"https:\/\/innobahn.cl\/en\/consultoria-ferroviaria-elegir-empresa-proyecto\/\" tabindex=\"-1\" ><div class=\"elementor-post__thumbnail\"><img decoding=\"async\" width=\"768\" height=\"479\" src=\"https:\/\/innobahn.cl\/wp-content\/uploads\/2025\/11\/Foto-6-A-768x479.jpg\" class=\"attachment-medium_large size-medium_large wp-image-309\" alt=\"\" srcset=\"https:\/\/innobahn.cl\/wp-content\/uploads\/2025\/11\/Foto-6-A-768x479.jpg 768w, https:\/\/innobahn.cl\/wp-content\/uploads\/2025\/11\/Foto-6-A-300x187.jpg 300w, https:\/\/innobahn.cl\/wp-content\/uploads\/2025\/11\/Foto-6-A-1024x639.jpg 1024w, https:\/\/innobahn.cl\/wp-content\/uploads\/2025\/11\/Foto-6-A.jpg 1358w\" sizes=\"(max-width: 768px) 100vw, 768px\" \/><\/div><\/a>\n\t\t\t\t<div class=\"elementor-post__badge\">Railway Design and Simulation<\/div>\n\t\t\t\t<div class=\"elementor-post__text\">\n\t\t\t\t<h3 class=\"elementor-post__title\">\n\t\t\t<a href=\"https:\/\/innobahn.cl\/en\/consultoria-ferroviaria-elegir-empresa-proyecto\/\" >\n\t\t\t\tRailway consulting: how to choose the right company to design and optimize your project\t\t\t<\/a>\n\t\t<\/h3>\n\t\t\t\t<div class=\"elementor-post__excerpt\">\n\t\t\t<p>Railway Consulting: How to Choose the Right Company to Design and Optimize Your Project Choosing a railway consulting firm is not a simple administrative procedure. It's<\/p>\n\t\t<\/div>\n\t\t\n\t\t<a class=\"elementor-post__read-more\" href=\"https:\/\/innobahn.cl\/en\/consultoria-ferroviaria-elegir-empresa-proyecto\/\" aria-label=\"Read more about Consultor\u00eda ferroviaria: c\u00f3mo elegir la empresa adecuada para dise\u00f1ar y optimizar tu proyecto\" tabindex=\"-1\" >\n\t\t\tRead more \"\t\t<\/a>\n\n\t\t\t\t<\/div>\n\t\t\t\t<div class=\"elementor-post__meta-data\">\n\t\t\t\t\t<span class=\"elementor-post-date\">\n\t\t\tApril 15, 2026\t\t<\/span>\n\t\t\t\t<span class=\"elementor-post-avatar\">\n\t\t\tNo Comments\t\t<\/span>\n\t\t\t\t<\/div>\n\t\t\t\t\t<\/div>\n\t\t<\/article>\n\t\t\t\t<\/div>\n\t\t\n\t\t\t\t\t\t<\/div>\n\t\t\t\t<\/div>\n\t\t\t\t<\/div>\n\t\t<div class=\"elementor-element elementor-element-c32f49b e-con-full e-flex e-con e-child\" data-id=\"c32f49b\" data-element_type=\"container\" data-e-type=\"container\">\n\t\t\t\t<div class=\"elementor-element elementor-element-9017e06 elementor-widget elementor-widget-wp-widget-recent-posts\" data-id=\"9017e06\" data-element_type=\"widget\" data-e-type=\"widget\" data-widget_type=\"wp-widget-recent-posts.default\">\n\t\t\t\t<div class=\"elementor-widget-container\">\n\t\t\t\t\t\n\t\t\n\t\t<h5>Recent Posts<\/h5><nav aria-label=\"Recent Posts\">\n\t\t<ul>\n\t\t\t\t\t\t\t\t\t\t\t<li>\n\t\t\t\t\t<a href=\"https:\/\/innobahn.cl\/en\/ingenieria-y-desarrollo-de-soluciones-tecnicas-para-proyectos-complejos\/\">Engineering and development of technical solutions for complex projects<\/a>\n\t\t\t\t\t\t\t\t\t<\/li>\n\t\t\t\t\t\t\t\t\t\t\t<li>\n\t\t\t\t\t<a href=\"https:\/\/innobahn.cl\/en\/diseno-simulacion-ferroviaria-capacidad-costos-operacion\/\">Railway design and simulation: keys to improving capacity, costs and operation<\/a>\n\t\t\t\t\t\t\t\t\t<\/li>\n\t\t\t\t\t\t\t\t\t\t\t<li>\n\t\t\t\t\t<a href=\"https:\/\/innobahn.cl\/en\/consultoria-ferroviaria-elegir-empresa-proyecto\/\">Railway consulting: how to choose the right company to design and optimize your project<\/a>\n\t\t\t\t\t\t\t\t\t<\/li>\n\t\t\t\t\t<\/ul>\n\n\t\t<\/nav>\t\t\t\t<\/div>\n\t\t\t\t<\/div>\n\t\t\t\t<div class=\"elementor-element elementor-element-b0492d2 elementor-widget elementor-widget-wp-widget-categories\" data-id=\"b0492d2\" data-element_type=\"widget\" data-e-type=\"widget\" data-widget_type=\"wp-widget-categories.default\">\n\t\t\t\t<div class=\"elementor-widget-container\">\n\t\t\t\t\t<h5>Categories<\/h5><nav aria-label=\"Categories\">\n\t\t\t<ul>\n\t\t\t\t\t<li class=\"cat-item cat-item-12\"><a href=\"https:\/\/innobahn.cl\/en\/category\/consultoria-ferroviaria\/\">Railway Consulting<\/a>\n<\/li>\n\t<li class=\"cat-item cat-item-19\"><a href=\"https:\/\/innobahn.cl\/en\/category\/diseno-y-simulacion-ferroviaria\/\">Railway Design and Simulation<\/a>\n<\/li>\n\t<li class=\"cat-item cat-item-21\"><a href=\"https:\/\/innobahn.cl\/en\/category\/empresas-del-grupo\/\">Group Companies<\/a>\n<\/li>\n\t\t\t<\/ul>\n\n\t\t\t<\/nav>\t\t\t\t<\/div>\n\t\t\t\t<\/div>\n\t\t\t\t<div class=\"elementor-element elementor-element-4885e4d elementor-widget elementor-widget-wp-widget-tag_cloud\" data-id=\"4885e4d\" data-element_type=\"widget\" data-e-type=\"widget\" data-widget_type=\"wp-widget-tag_cloud.default\">\n\t\t\t\t<div class=\"elementor-widget-container\">\n\t\t\t\t\t<h5>Tags<\/h5><nav aria-label=\"Tags\"><div class=\"tagcloud\"><a href=\"https:\/\/innobahn.cl\/en\/tag\/consultoria-ferroviaria\/\" class=\"tag-cloud-link tag-link-13 tag-link-position-1\" style=\"font-size: 8pt;\" aria-label=\"consultor\u00eda ferroviaria (1 item)\">railway consulting<\/a>\n<a href=\"https:\/\/innobahn.cl\/en\/tag\/diseno-ferroviario\/\" class=\"tag-cloud-link tag-link-15 tag-link-position-2\" style=\"font-size: 8pt;\" aria-label=\"dise\u00f1o ferroviario (1 item)\">railway design<\/a>\n<a href=\"https:\/\/innobahn.cl\/en\/tag\/proyectos-ferroviarios\/\" class=\"tag-cloud-link tag-link-14 tag-link-position-3\" style=\"font-size: 8pt;\" aria-label=\"proyectos ferroviarios (1 item)\">railway projects<\/a>\n<a href=\"https:\/\/innobahn.cl\/en\/tag\/simulacion-ferroviaria\/\" class=\"tag-cloud-link tag-link-16 tag-link-position-4\" style=\"font-size: 8pt;\" aria-label=\"simulaci\u00f3n ferroviaria (1 item)\">railway simulation<\/a><\/div>\n<\/nav>\t\t\t\t<\/div>\n\t\t\t\t<\/div>\n\t\t\t\t<\/div>\n\t\t\t\t\t<\/div>\n\t\t\t\t<\/div>\n\t\t\t\t<\/div>","protected":false},"excerpt":{"rendered":"<p>\u00daltimas noticias y an\u00e1lisis del sector Actualidad, proyectos y visi\u00f3n estrat\u00e9gica para entender el rol del ferrocarril en el desarrollo del transporte, la log\u00edstica y el territorio en Chile<\/p>","protected":false},"author":1,"featured_media":0,"parent":0,"menu_order":0,"comment_status":"closed","ping_status":"closed","template":"elementor_header_footer","meta":{"footnotes":""},"class_list":["post-483","page","type-page","status-publish","hentry"],"yoast_head":"<!-- This site is optimized with the Yoast SEO plugin v27.4 - https:\/\/yoast.com\/product\/yoast-seo-wordpress\/ -->\n<title>Blog - Innobahn<\/title>\n<meta name=\"robots\" content=\"index, follow, max-snippet:-1, max-image-preview:large, max-video-preview:-1\" \/>\n<link rel=\"canonical\" href=\"https:\/\/innobahn.cl\/en\/blog\/\" \/>\n<meta property=\"og:locale\" content=\"en_US\" \/>\n<meta property=\"og:type\" content=\"article\" \/>\n<meta property=\"og:title\" content=\"Blog - Innobahn\" \/>\n<meta property=\"og:description\" content=\"\u00daltimas noticias y an\u00e1lisis del sector Actualidad, proyectos y visi\u00f3n estrat\u00e9gica para entender el rol del ferrocarril en el desarrollo del transporte, la log\u00edstica y el territorio en Chile\" \/>\n<meta property=\"og:url\" content=\"https:\/\/innobahn.cl\/en\/blog\/\" \/>\n<meta property=\"og:site_name\" content=\"Innobahn\" \/>\n<meta property=\"article:modified_time\" content=\"2026-04-15T21:07:40+00:00\" \/>\n<meta name=\"twitter:card\" content=\"summary_large_image\" \/>\n<meta name=\"twitter:label1\" content=\"Est. reading time\" \/>\n\t<meta name=\"twitter:data1\" content=\"2 minutes\" \/>\n<script type=\"application\/ld+json\" class=\"yoast-schema-graph\">{\"@context\":\"https:\\\/\\\/schema.org\",\"@graph\":[{\"@type\":\"WebPage\",\"@id\":\"https:\\\/\\\/innobahn.cl\\\/blog\\\/\",\"url\":\"https:\\\/\\\/innobahn.cl\\\/blog\\\/\",\"name\":\"Blog - Innobahn\",\"isPartOf\":{\"@id\":\"https:\\\/\\\/innobahn.cl\\\/#website\"},\"datePublished\":\"2026-04-15T20:35:18+00:00\",\"dateModified\":\"2026-04-15T21:07:40+00:00\",\"breadcrumb\":{\"@id\":\"https:\\\/\\\/innobahn.cl\\\/blog\\\/#breadcrumb\"},\"inLanguage\":\"en-US\",\"potentialAction\":[{\"@type\":\"ReadAction\",\"target\":[\"https:\\\/\\\/innobahn.cl\\\/blog\\\/\"]}]},{\"@type\":\"BreadcrumbList\",\"@id\":\"https:\\\/\\\/innobahn.cl\\\/blog\\\/#breadcrumb\",\"itemListElement\":[{\"@type\":\"ListItem\",\"position\":1,\"name\":\"Portada\",\"item\":\"https:\\\/\\\/innobahn.cl\\\/\"},{\"@type\":\"ListItem\",\"position\":2,\"name\":\"Blog\"}]},{\"@type\":\"WebSite\",\"@id\":\"https:\\\/\\\/innobahn.cl\\\/#website\",\"url\":\"https:\\\/\\\/innobahn.cl\\\/\",\"name\":\"Innobahn\",\"description\":\"\",\"publisher\":{\"@id\":\"https:\\\/\\\/innobahn.cl\\\/#organization\"},\"potentialAction\":[{\"@type\":\"SearchAction\",\"target\":{\"@type\":\"EntryPoint\",\"urlTemplate\":\"https:\\\/\\\/innobahn.cl\\\/?s={search_term_string}\"},\"query-input\":{\"@type\":\"PropertyValueSpecification\",\"valueRequired\":true,\"valueName\":\"search_term_string\"}}],\"inLanguage\":\"en-US\"},{\"@type\":\"Organization\",\"@id\":\"https:\\\/\\\/innobahn.cl\\\/#organization\",\"name\":\"Innobahn\",\"url\":\"https:\\\/\\\/innobahn.cl\\\/\",\"logo\":{\"@type\":\"ImageObject\",\"inLanguage\":\"en-US\",\"@id\":\"https:\\\/\\\/innobahn.cl\\\/#\\\/schema\\\/logo\\\/image\\\/\",\"url\":\"https:\\\/\\\/innobahn.cl\\\/wp-content\\\/uploads\\\/2025\\\/10\\\/InnoBahn-Imagotipo.png\",\"contentUrl\":\"https:\\\/\\\/innobahn.cl\\\/wp-content\\\/uploads\\\/2025\\\/10\\\/InnoBahn-Imagotipo.png\",\"width\":1551,\"height\":340,\"caption\":\"Innobahn\"},\"image\":{\"@id\":\"https:\\\/\\\/innobahn.cl\\\/#\\\/schema\\\/logo\\\/image\\\/\"}}]}<\/script>\n<!-- \/ Yoast SEO plugin. -->","yoast_head_json":{"title":"Blog - Innobahn","robots":{"index":"index","follow":"follow","max-snippet":"max-snippet:-1","max-image-preview":"max-image-preview:large","max-video-preview":"max-video-preview:-1"},"canonical":"https:\/\/innobahn.cl\/en\/blog\/","og_locale":"en_US","og_type":"article","og_title":"Blog - Innobahn","og_description":"\u00daltimas noticias y an\u00e1lisis del sector Actualidad, proyectos y visi\u00f3n estrat\u00e9gica para entender el rol del ferrocarril en el desarrollo del transporte, la log\u00edstica y el territorio en Chile","og_url":"https:\/\/innobahn.cl\/en\/blog\/","og_site_name":"Innobahn","article_modified_time":"2026-04-15T21:07:40+00:00","twitter_card":"summary_large_image","twitter_misc":{"Est. reading time":"2 minutes"},"schema":{"@context":"https:\/\/schema.org","@graph":[{"@type":"WebPage","@id":"https:\/\/innobahn.cl\/blog\/","url":"https:\/\/innobahn.cl\/blog\/","name":"Blog - Innobahn","isPartOf":{"@id":"https:\/\/innobahn.cl\/#website"},"datePublished":"2026-04-15T20:35:18+00:00","dateModified":"2026-04-15T21:07:40+00:00","breadcrumb":{"@id":"https:\/\/innobahn.cl\/blog\/#breadcrumb"},"inLanguage":"en-US","potentialAction":[{"@type":"ReadAction","target":["https:\/\/innobahn.cl\/blog\/"]}]},{"@type":"BreadcrumbList","@id":"https:\/\/innobahn.cl\/blog\/#breadcrumb","itemListElement":[{"@type":"ListItem","position":1,"name":"Portada","item":"https:\/\/innobahn.cl\/"},{"@type":"ListItem","position":2,"name":"Blog"}]},{"@type":"WebSite","@id":"https:\/\/innobahn.cl\/#website","url":"https:\/\/innobahn.cl\/","name":"Innobahn","description":"","publisher":{"@id":"https:\/\/innobahn.cl\/#organization"},"potentialAction":[{"@type":"SearchAction","target":{"@type":"EntryPoint","urlTemplate":"https:\/\/innobahn.cl\/?s={search_term_string}"},"query-input":{"@type":"PropertyValueSpecification","valueRequired":true,"valueName":"search_term_string"}}],"inLanguage":"en-US"},{"@type":"Organization","@id":"https:\/\/innobahn.cl\/#organization","name":"Innobahn","url":"https:\/\/innobahn.cl\/","logo":{"@type":"ImageObject","inLanguage":"en-US","@id":"https:\/\/innobahn.cl\/#\/schema\/logo\/image\/","url":"https:\/\/innobahn.cl\/wp-content\/uploads\/2025\/10\/InnoBahn-Imagotipo.png","contentUrl":"https:\/\/innobahn.cl\/wp-content\/uploads\/2025\/10\/InnoBahn-Imagotipo.png","width":1551,"height":340,"caption":"Innobahn"},"image":{"@id":"https:\/\/innobahn.cl\/#\/schema\/logo\/image\/"}}]}},"_links":{"self":[{"href":"https:\/\/innobahn.cl\/en\/wp-json\/wp\/v2\/pages\/483","targetHints":{"allow":["GET"]}}],"collection":[{"href":"https:\/\/innobahn.cl\/en\/wp-json\/wp\/v2\/pages"}],"about":[{"href":"https:\/\/innobahn.cl\/en\/wp-json\/wp\/v2\/types\/page"}],"author":[{"embeddable":true,"href":"https:\/\/innobahn.cl\/en\/wp-json\/wp\/v2\/users\/1"}],"replies":[{"embeddable":true,"href":"https:\/\/innobahn.cl\/en\/wp-json\/wp\/v2\/comments?post=483"}],"version-history":[{"count":13,"href":"https:\/\/innobahn.cl\/en\/wp-json\/wp\/v2\/pages\/483\/revisions"}],"predecessor-version":[{"id":541,"href":"https:\/\/innobahn.cl\/en\/wp-json\/wp\/v2\/pages\/483\/revisions\/541"}],"wp:attachment":[{"href":"https:\/\/innobahn.cl\/en\/wp-json\/wp\/v2\/media?parent=483"}],"curies":[{"name":"wp","href":"https:\/\/api.w.org\/{rel}","templated":true}]}}